{"id":61,"date":"2020-10-26T09:38:33","date_gmt":"2020-10-26T09:38:33","guid":{"rendered":"https:\/\/logistik-kontor.com\/?page_id=61"},"modified":"2021-01-08T08:03:38","modified_gmt":"2021-01-08T08:03:38","slug":"datenschutz-2","status":"publish","type":"page","link":"https:\/\/www.logistik-kontor.com\/?page_id=61","title":{"rendered":"Datenschutz"},"content":{"rendered":"\n<p>Im Folgenden informieren wir Sie gem\u00e4\u00df Art. 13 DS-GVO \u00fcber Art und Weise und die Hintergr\u00fcnde der Verarbeitung Ihrer personenbezogenen Daten \u00fcber die Website www.logistik-kontor.com (nachfolgend \u201eWebsite\u201c) und \u00fcber die Ihnen zustehenden Rechte. Personenbezogene Daten sind alle Informationen, die sich auf eine identifizierte oder identifizierbare nat\u00fcrliche Person beziehen. Als identifizierbar wird eine nat\u00fcrliche Person angesehen, die direkt oder indirekt, insbesondere mittels Zuordnung zu einer Kennung wie einem Namen, zu einer Kennnummer, zu Standortdaten, zu einer Online-Kennung oder zu einem oder mehreren besonderen Merkmalen identifiziert werden kann, die Ausdruck der physischen, physiologischen, genetischen, psychischen, wirtschaftlichen, kulturellen oder sozialen Identit\u00e4t dieser nat\u00fcrlichen Person sind. Dies sind z.B. Name, Adresse, E-Mail-Adresse, Ihre Bewerberdaten, die Information, dass Sie mit uns einen Termin vereinbaren m\u00f6chten, Nutzerverhalten oder auch die IP-Adresse.<\/p>\n\n\n\n<p>1. Verantwortlicher und Datenschutzbeauftragte<br>a) Verantwortlich gem\u00e4\u00df Art. 4 Abs. 7 DS-GVO ist die LK Logistik Kontor GmbH, Niederstra\u00dfe 41, 40789 Monheim am Rhein, E-Mail-Adresse:\u00a0logistik@logistik-kontor.com<\/p>\n\n\n\n<p>2. Informatorische Nutzung unserer Website<br>a) Browserdaten<br>Bei dem informatorischen Besuch unserer Website erfassen wir automatisiert folgende Daten und Informationen, die uns Ihr Browser \u00fcbermittelt:<\/p>\n\n\n\n<p>IP-Adresse,<br>Datum und Uhrzeit der Anfrage,<br>Inhalt der Anforderung (konkrete Seite),<br>Zugriffsstatus\/http\/Statuscode,<br>Website, von der die Anforderung kommt,<br>Browser,<br>Betriebssystem,<br>Sprache und Version der Browsersoftware (Browserbeschreibungs-String)<\/p>\n\n\n\n<p>Diese Datenverarbeitung durch unser System dient dem Zweck und unserem Interesse, die Auslieferung der Website an den Rechner des Nutzers zu erm\u00f6glichen. Hierf\u00fcr muss die IP-Adresse des Nutzers f\u00fcr die Dauer der Sitzung gespeichert bleiben. Ihre IP-Adresse l\u00f6schen wir nach Ablauf von vier Wochen. Wir speichern sie vier Wochen, damit wir im Fall von Datensicherheitsm\u00e4ngeln oder Problemen von Eingriffen der Nutzer Rechtsverst\u00f6\u00dfe verfolgen k\u00f6nnen. Nach Ende der vierw\u00f6chigen Aufbewahrung werden die IP-Adressen unverz\u00fcglich gel\u00f6scht.<br>Im \u00dcbrigen werden die Daten in unserem System gel\u00f6scht, wenn die jeweilige Sitzung beendet ist. Die Erfassung der Daten zur Bereitstellung der Website ist f\u00fcr den Betrieb der Internetseite zwingend erforderlich. Rechtsgrundlage hierf\u00fcr ist Art. 6 Abs. 1 S. 1 lit. f DS-GVO.<\/p>\n\n\n\n<p>b) Cookies<br>Zus\u00e4tzlich zu den zur vorgenannten Daten werden bei Ihrer Nutzung unserer Website Cookies auf Ihrem Rechner gespeichert. Bei Cookies handelt es sich um kleine Textdateien, die auf Ihrer Festplatte dem von Ihnen verwendete Browser zugeordnet gespeichert werden. Hierdurch k\u00f6nnen der Stelle, die den Cookie setzt (hier durch uns), bestimmte Informationen zuflie\u00dfen.<br>Nachfolgend sind die gebr\u00e4uchlichsten Arten von Cookies zu Ihrem Verst\u00e4ndnis erkl\u00e4rt:<\/p>\n\n\n\n<p>Sitzungs-Cookies: W\u00e4hrend Sie auf einer Webseite aktiv sind, wird tempor\u00e4r ein Sitzungs-Cookie im Speicher Ihres Computers abgelegt, in dem eine Sitzungskennung gespeichert wird, um z. B. bei jedem Seitenwechsel zu verhindern, dass Sie sich erneut anmelden m\u00fcssen. Sitzungs-Cookies werden bei der Abmeldung gel\u00f6scht oder verlieren ihre G\u00fcltigkeit, sobald ihre Sitzung automatisch abgelaufen ist.<br>Permanente oder Protokoll-Cookies: Ein permanenter oder Protokoll-Cookie speichert eine Datei \u00fcber den im Ablaufdatum vorgesehenen Zeitraum auf Ihrem Computer. Durch diese Cookies erinnern sich Websites bei Ihrem n\u00e4chsten Besuch an Ihre Informationen und Einstellungen. Das f\u00fchrt zu einem schnelleren und bequemeren Zugriff, da Sie z. B. nicht erneut ihre Spracheinstellung vornehmen m\u00fcssen. Mit Verstreichen des Ablaufdatums wird der Cookie automatisch gel\u00f6scht, wenn Sie die Webseite besuchen, die diesen erzeugt hat.<br>Drittanbieter-Cookies: Drittanbieter-Cookies stammen von anderen Anbietern als dem Betreiber der Webseite. Sie k\u00f6nnen beispielsweise zum Sammeln von Informationen f\u00fcr Werbung, benutzerdefinierte Inhalte und Web-Statistiken verwendet werden.<\/p>\n\n\n\n<p>Einige Elemente unserer Internetseite erfordern es, dass der aufrufende Browser auch nach einem Seitenwechsel identifiziert werden kann. Die Cookies werden bei Schlie\u00dfung des Browsers gel\u00f6scht. Die Rechtsgrundlage f\u00fcr die Verarbeitung personenbezogener Daten unter Verwendung dieser technisch notwendigen Cookies ist Art. 6 Abs. 1 lit. f DSGVO. Die Cookies dienen unserem berechtigtem Interesse, die Nutzung und Bereitstellung unserer Website zu erm\u00f6glichen. Bei den Cookies handelt es sich um f\u00fcr die Nutzung der Website technisch notwendige Cookies.<\/p>\n\n\n\n<p>3. Google Analytics<\/p>\n\n\n\n<p>Wir nutzen das Webanalyse-Tool Google Analytics. Google wertet das Nutzerverhalten auf dieser Website in unserem Auftrag aus. Damit k\u00f6nnen wir u. a. nachvollziehen, wie lange ein Besucher auf unserer Website bleibt und welche Seiten er genau aufgerufen hat, und erkennen, welche unserer Seiten die beliebtesten sind. Auch k\u00f6nnen auf diese Weise pseudonyme Nutzerprofile angelegt werden. Zu diesen Zwecken setzt Google auch Cookies ein, mit deren Hilfe Nutzungsinformationen an die Google-Server in den USA \u00fcbertragen werden. Zuvor wird jedoch auf unserer Website Ihre IP-Adresse \u00fcber ein spezielles Skript gek\u00fcrzt (die letzten Ziffern werden gel\u00f6scht). Diese gek\u00fcrzte IP-Adresse wird an Google-Server in den USA \u00fcbermittelt, kann dort aber nicht mehr mit Ihrer Person in Verbindung gebracht werden. Die K\u00fcrzung der IP-Adresse wird zwar ebenfalls durch Google vorgenommen, das aber nur in Ausnahmef\u00e4llen in den USA. In aller Regel findet die K\u00fcrzung auf Servern innerhalb der EU oder anderen Vertragsstaaten des Abkommens \u00fcber den Europ\u00e4ischen Wirtschaftsraum statt. Die dabei \u00fcbermittelte vollst\u00e4ndige IP-Adresse wird laut Google nicht mit sonstigen Daten, die Google von Ihnen gespeichert hat, zusammengef\u00fchrt. Google verarbeitet f\u00fcr die Bereitstellung von Google Analytics ihre gek\u00fcrzte IP-Adresse, technische Daten Ihres Endger\u00e4tes (z.B. Aufl\u00f6sung, Browser) ihre Bewegungen auf unserer Website und \u00fcber welches Online-Angebot Sie auf unsere Website gelangt sind.<\/p>\n\n\n\n<p>F\u00fcr weitere Einzelheiten verweisen wir auf die Datenschutzerkl\u00e4rung von Google.<\/p>\n\n\n\n<p>Sie k\u00f6nnen die Speicherung von Cookies durch Google Analytics verhindern, indem Sie das Setzen von Cookies in den Einstellungen Ihres Browsers oder der App verbieten. F\u00fcr die exakten Einstellungen wenden Sie sich bitte an den Hilfe-und-Support-Bereich Ihres Browser-Anbieters bzw. Smartphones. Au\u00dferdem gibt es zwei weitere Wege, wie Sie verhindern k\u00f6nnen, dass Google Analytics Cookies bei Ihnen speichern kann. Zum einen k\u00f6nnen Sie ein kostenfreies Browser-Plugin herunterladen und installieren. Dies funktioniert allerdings nur, wenn Sie diese Seite \u00fcber einen Desktop-Browser besuchen. Sie k\u00f6nnen auch ein Opt-out-Cookie setzen lassen, das ebenfalls das Tracking verhindert (unter dieser Passage). Denken Sie aber daran, dass Sie dies auf jedem Ger\u00e4t, mit dem Sie uns besuchen, erneut machen m\u00fcssen, und auch jedes Mal dann, wenn Sie Ihre Cookies zwischenzeitlich gel\u00f6scht haben.<\/p>\n\n\n\n<p>Rechtsgrundlage der Verarbeitung ist Art. 6 Abs. 1 S. 1 lit. f DSGVO.<br>Tracking durch Opt-Out-Cookie deaktivieren<\/p>\n\n\n\n<p>4. Kontaktaufnahme \u00fcber das Kontaktformular<\/p>\n\n\n\n<p>Bei Anfragen \u00fcber unser Kontaktformular oder im Rahmen unserer Ihnen zur Verf\u00fcgung gestellten E-Mailadresse verarbeiten wir die von Ihnen freiwillig zur Verf\u00fcgung gestellten personenbezogenen Daten ausschlie\u00dflich dazu, um Ihre Anfrage zu bearbeiten, zu beantworten oder uns mit Ihnen in Verbindung zu setzen. Die in diesem Zusammenhang anfallenden Daten werden nach abschlie\u00dfender Beantwortung gel\u00f6scht, sollten nicht gesetzliche oder sonstige Aufbewahrungspflichten bestehen. Rechtsgrundlage f\u00fcr diese Verarbeitung Ihrer personenbezogenen Daten ist Art. 6 Abs. 1 lit. b) DS-GVO.<\/p>\n\n\n\n<p>5. Registrierfunktion<\/p>\n\n\n\n<p>Die im Rahmen der Registrierung eingegebenen Daten werden f\u00fcr die Zwecke der Nutzung des Angebotes verwendet. Die Nutzer k\u00f6nnen \u00fcber angebots- oder registrierungsrelevante Informationen, wie \u00c4nderungen des Angebotsumfangs oder technische Umst\u00e4nde per E-Mail informiert werden. Die erhobenen Daten sind aus der Eingabemaske im Rahmen der Registrierung ersichtlich. Zus\u00e4tzlich erkl\u00e4ren Sie sich damit einverstanden, dass Sie von uns in unregelm\u00e4\u00dfigen Abst\u00e4nden Informationen zu Dienstleistungs- und Produktneuerungen sowie aktuellen Seminaren und Veranstaltungen per E-Mail erhalten. Sie k\u00f6nnen dieses Einverst\u00e4ndnis jederzeit widerrufen.<\/p>\n\n\n\n<p>6. Newsletter<\/p>\n\n\n\n<p>Mit dem Newsletter informieren wir Kunden und Interessenten \u00fcber uns und unsere Angebote.<br>Wenn Interessenten den Newsletter empfangen m\u00f6chten, ben\u00f6tigen wir von Ihnen eine valide Email-Adresse sowie Informationen, die uns die \u00dcberpr\u00fcfung gestatten, dass Sie der Inhaber der angegebenen Email-Adresse sind bzw. deren Inhaber mit dem Empfang des Newsletters einverstanden ist. Weitere Daten werden nicht erhoben. Diese Daten werden nur f\u00fcr den Versand der Newsletter verwendet und werden nicht an Dritte weiter gegeben.<\/p>\n\n\n\n<p>Ihre Einwilligung zur Speicherung der Daten, der Email-Adresse sowie deren Nutzung zum Versand des Newsletters k\u00f6nnen Sie jederzeit widerrufen. Der Widerruf kann \u00fcber einen Link in den Newslettern selbst oder per Mitteilung an die oben stehenden Kontaktm\u00f6glichkeiten erfolgen.<\/p>\n\n\n\n<p>7. Praxisleitf\u00e4den (Whitepapers)<\/p>\n\n\n\n<p>Die LK Logistik Kontor GmbH verpflichtet sich, alle pers\u00f6nlichen Daten wie Name und E-Mail-Adresse von Kunden und Nutzern vertraulich zu behandeln. Die Weitergabe an Dritte erfolgt nur zur Erf\u00fcllung vereinbarter Zwecke und nur an solche, die sich zur Einhaltung des Datenschutzes verpflichtet haben.<br>Mit der Registrierung beziehungsweise Teilnahme, ausgedr\u00fcckt durch das Versenden eines entsprechenden Formulars, erkl\u00e4ren Sie sich damit einverstanden, dass die LK Logistik Kontor GmbH pers\u00f6nliche Daten, die Sie im Formular eingetragen haben, speichert und verarbeitet und Ihnen in unregelm\u00e4\u00dfigen Abst\u00e4nden Informationen zu Beitr\u00e4gen, Unternehmensnews und Aktionen per E-Mail zukommen l\u00e4sst.<\/p>\n\n\n\n<p>8. Weitergabe an Dritte<\/p>\n\n\n\n<p>Personenbezogene Daten werden von uns vertraulich behandelt. Wir stellen Ihre personenbezogenen Daten nicht Dritten zur Verf\u00fcgung, es sei denn, Sie haben hierzu Ihre Einwilligung erkl\u00e4rt oder wir sind zur Weitergabe der Daten rechtlich verpflichtet.<\/p>\n\n\n\n<p>9. Links zu anderen Internetseiten<\/p>\n\n\n\n<p>Die Website enth\u00e4lt Links zu anderen Internetseiten. Diese Datenschutzerkl\u00e4rung findet auf Datenverarbeitungsvorg\u00e4nge, die \u00fcber die verlinkten Internetseiten stattfinden, keine Anwendung. Vielmehr gelten die jeweils auf den verlinkten Seiten vorgehaltenen Datenschutzerkl\u00e4rungen. Wir \u00fcbernehmen weder eine Haftung noch eine Verantwortung f\u00fcr diese nicht im Zusammenhang mit unserer Website stehenden Erkl\u00e4rungen und Richtlinien.<\/p>\n\n\n\n<p>10. Ihre Betroffenenrechte<\/p>\n\n\n\n<p>Sie haben uns gegen\u00fcber im gesetzlichen Umfang folgende Rechte hinsichtlich der Sie betreffenden personenbezogenen Daten:<\/p>\n\n\n\n<p>Recht auf Auskunft,<br>Recht auf Berichtigung oder L\u00f6schung,<br>Recht auf Einschr\u00e4nkung der Verarbeitung,<br>Recht auf Widerspruch gegen die Verarbeitung,<br>Recht auf Daten\u00fcbertragbarkeit.<\/p>\n\n\n\n<p>Sie haben zudem das Recht, sich bei einer Datenschutz-Aufsichtsbeh\u00f6rde \u00fcber die Verarbeitung Ihrer personenbezogenen Daten durch uns zu beschweren.<\/p>\n","protected":false},"excerpt":{"rendered":"<p>Im Folgenden informieren wir Sie gem\u00e4\u00df Art. 13 DS-GVO \u00fcber Art und Weise und die Hintergr\u00fcnde der Verarbeitung Ihrer personenbezogenen Daten \u00fcber die Website www.logistik-kontor.com (nachfolgend \u201eWebsite\u201c) und \u00fcber die Ihnen zustehenden Rechte. Personenbezogene Daten sind alle Informationen, die sich auf eine identifizierte oder identifizierbare nat\u00fcrliche Person beziehen. Als identifizierbar wird eine nat\u00fcrliche Person angesehen, &hellip; <\/p>\n<p class=\"link-more\"><a href=\"https:\/\/www.logistik-kontor.com\/?page_id=61\" class=\"more-link\"><span class=\"screen-reader-text\">\u201eDatenschutz\u201c<\/span> weiterlesen<\/a><\/p>\n","protected":false},"author":2,"featured_media":0,"parent":0,"menu_order":0,"comment_status":"closed","ping_status":"closed","template":"","meta":[],"_links":{"self":[{"href":"https:\/\/www.logistik-kontor.com\/index.php?rest_route=\/wp\/v2\/pages\/61"}],"collection":[{"href":"https:\/\/www.logistik-kontor.com\/index.php?rest_route=\/wp\/v2\/pages"}],"about":[{"href":"https:\/\/www.logistik-kontor.com\/index.php?rest_route=\/wp\/v2\/types\/page"}],"author":[{"embeddable":true,"href":"https:\/\/www.logistik-kontor.com\/index.php?rest_route=\/wp\/v2\/users\/2"}],"replies":[{"embeddable":true,"href":"https:\/\/www.logistik-kontor.com\/index.php?rest_route=%2Fwp%2Fv2%2Fcomments&post=61"}],"version-history":[{"count":3,"href":"https:\/\/www.logistik-kontor.com\/index.php?rest_route=\/wp\/v2\/pages\/61\/revisions"}],"predecessor-version":[{"id":103,"href":"https:\/\/www.logistik-kontor.com\/index.php?rest_route=\/wp\/v2\/pages\/61\/revisions\/103"}],"wp:attachment":[{"href":"https:\/\/www.logistik-kontor.com\/index.php?rest_route=%2Fwp%2Fv2%2Fmedia&parent=61"}],"curies":[{"name":"wp","href":"https:\/\/api.w.org\/{rel}","templated":true}]}}