{"id":60,"date":"2020-10-26T09:38:33","date_gmt":"2020-10-26T09:38:33","guid":{"rendered":"https:\/\/logistik-kontor.com\/?page_id=60"},"modified":"2026-03-27T08:18:34","modified_gmt":"2026-03-27T08:18:34","slug":"kontakt-2","status":"publish","type":"page","link":"https:\/\/www.logistik-kontor.com\/?page_id=60","title":{"rendered":"Kontakt"},"content":{"rendered":"\n<p>Bitte wenden Sie sich an uns, damit wir Ihnen weiterhelfen k\u00f6nnen.<\/p>\n\n\n\n<p>Wir sind Ihre Ansprechpartner:<\/p>\n\n\n\n<p><strong>Christian Lierenfeld <\/strong>                                      <br>Gesch\u00e4ftsf\u00fchrer                                                <br>c.lierenfeld@logistik-kontor.com <br><em><em>+49 2173 \/ 26 51 5 &#8211; 6<\/em><\/em>1<\/p>\n\n\n\n<p><\/p>\n\n\n\n<p><strong>Sarah Brumm<\/strong><br>Leitung Kundenmanagement<br>s.brumm@logistik-kontor.com<br><em><em>+49 2173 \/ 26 51 5 &#8211; 6<\/em><\/em>3<\/p>\n\n\n\n<p><strong>Thorsten Stiefel<\/strong><br>Leitung Spedition und Logistik<br>t.stiefel@logistik-kontor.com<br>+49 <em>2173 \/ 26 51 5 \u2013 6<\/em>4<\/p>\n\n\n\n<p><strong>Corinna Hollenberg<\/strong><br>Logistik Managerin und Vertrieb<br>c.hollenberg@logistik-kontor.com<br>+49 <em>2173 \/ 26 51 5 \u2013 <\/em>66<\/p>\n\n\n\n<p><strong>Timo Kaatz<\/strong><br>Controller und Vertrieb<br>t.kaatz@logistik-kontor.com<br><em>+49 152 \/ 23 47 98 60<\/em> <\/p>\n\n\n\n<p><br><br><strong>LK Logistik Kontor GmbH<\/strong><br>Niederstra\u00dfe 41<br>40789 Monheim am Rhein<br><br>logistik@logistik-kontor.com<br><em>+49 2173 &#8211; 26 51 5 &#8211; 60<\/em><\/p>\n\n\n\n<p><br><\/p>\n\n\n\n<p><\/p>\n\n\n\n<p><\/p>\n","protected":false},"excerpt":{"rendered":"<p>Bitte wenden Sie sich an uns, damit wir Ihnen weiterhelfen k\u00f6nnen. Wir sind Ihre Ansprechpartner: Christian Lierenfeld Gesch\u00e4ftsf\u00fchrer c.lierenfeld@logistik-kontor.com +49 2173 \/ 26 51 5 &#8211; 61 Sarah BrummLeitung Kundenmanagements.brumm@logistik-kontor.com+49 2173 \/ 26 51 5 &#8211; 63 Thorsten StiefelLeitung Spedition und Logistikt.stiefel@logistik-kontor.com+49 2173 \/ 26 51 5 \u2013 64 Corinna HollenbergLogistik Managerin und Vertriebc.hollenberg@logistik-kontor.com+49 2173 &hellip; <\/p>\n<p class=\"link-more\"><a href=\"https:\/\/www.logistik-kontor.com\/?page_id=60\" class=\"more-link\"><span class=\"screen-reader-text\">\u201eKontakt\u201c<\/span> weiterlesen<\/a><\/p>\n","protected":false},"author":2,"featured_media":0,"parent":0,"menu_order":0,"comment_status":"closed","ping_status":"closed","template":"","meta":[],"_links":{"self":[{"href":"https:\/\/www.logistik-kontor.com\/index.php?rest_route=\/wp\/v2\/pages\/60"}],"collection":[{"href":"https:\/\/www.logistik-kontor.com\/index.php?rest_route=\/wp\/v2\/pages"}],"about":[{"href":"https:\/\/www.logistik-kontor.com\/index.php?rest_route=\/wp\/v2\/types\/page"}],"author":[{"embeddable":true,"href":"https:\/\/www.logistik-kontor.com\/index.php?rest_route=\/wp\/v2\/users\/2"}],"replies":[{"embeddable":true,"href":"https:\/\/www.logistik-kontor.com\/index.php?rest_route=%2Fwp%2Fv2%2Fcomments&post=60"}],"version-history":[{"count":15,"href":"https:\/\/www.logistik-kontor.com\/index.php?rest_route=\/wp\/v2\/pages\/60\/revisions"}],"predecessor-version":[{"id":134,"href":"https:\/\/www.logistik-kontor.com\/index.php?rest_route=\/wp\/v2\/pages\/60\/revisions\/134"}],"wp:attachment":[{"href":"https:\/\/www.logistik-kontor.com\/index.php?rest_route=%2Fwp%2Fv2%2Fmedia&parent=60"}],"curies":[{"name":"wp","href":"https:\/\/api.w.org\/{rel}","templated":true}]}}