{"id":29,"date":"2020-10-26T09:08:38","date_gmt":"2020-10-26T09:08:38","guid":{"rendered":"https:\/\/logistik-kontor.com\/?page_id=29"},"modified":"2021-01-08T08:01:52","modified_gmt":"2021-01-08T08:01:52","slug":"impressum","status":"publish","type":"page","link":"https:\/\/www.logistik-kontor.com\/?page_id=29","title":{"rendered":"Impressum"},"content":{"rendered":"\n<p><strong>Impressum<\/strong><\/p>\n\n\n\n<p>LK Logistik Kontor GmbH<br>Niederstra\u00dfe 41<br>40789 Monheim am Rhein<\/p>\n\n\n\n<p>Gesch\u00e4ftsf\u00fchrer: Christian Lierenfeld<\/p>\n\n\n\n<p>Amtsgericht K\u00f6ln HRB 98480<br>Steuernummer: 218\/5724\/1806<br>Umsatzsteuer-ID: DE327528705<\/p>\n\n\n\n<p>Verantwortlich i.S. des \u00a7 55 Abs. 2 RStV:<br>Christian Lierenfeld<br>Anschrift wie oben<\/p>\n","protected":false},"excerpt":{"rendered":"<p>Impressum LK Logistik Kontor GmbHNiederstra\u00dfe 4140789 Monheim am Rhein Gesch\u00e4ftsf\u00fchrer: Christian Lierenfeld Amtsgericht K\u00f6ln HRB 98480Steuernummer: 218\/5724\/1806Umsatzsteuer-ID: DE327528705 Verantwortlich i.S. des \u00a7 55 Abs. 2 RStV:Christian LierenfeldAnschrift wie oben<\/p>\n","protected":false},"author":2,"featured_media":0,"parent":0,"menu_order":0,"comment_status":"closed","ping_status":"closed","template":"","meta":[],"_links":{"self":[{"href":"https:\/\/www.logistik-kontor.com\/index.php?rest_route=\/wp\/v2\/pages\/29"}],"collection":[{"href":"https:\/\/www.logistik-kontor.com\/index.php?rest_route=\/wp\/v2\/pages"}],"about":[{"href":"https:\/\/www.logistik-kontor.com\/index.php?rest_route=\/wp\/v2\/types\/page"}],"author":[{"embeddable":true,"href":"https:\/\/www.logistik-kontor.com\/index.php?rest_route=\/wp\/v2\/users\/2"}],"replies":[{"embeddable":true,"href":"https:\/\/www.logistik-kontor.com\/index.php?rest_route=%2Fwp%2Fv2%2Fcomments&post=29"}],"version-history":[{"count":3,"href":"https:\/\/www.logistik-kontor.com\/index.php?rest_route=\/wp\/v2\/pages\/29\/revisions"}],"predecessor-version":[{"id":102,"href":"https:\/\/www.logistik-kontor.com\/index.php?rest_route=\/wp\/v2\/pages\/29\/revisions\/102"}],"wp:attachment":[{"href":"https:\/\/www.logistik-kontor.com\/index.php?rest_route=%2Fwp%2Fv2%2Fmedia&parent=29"}],"curies":[{"name":"wp","href":"https:\/\/api.w.org\/{rel}","templated":true}]}}